{"id":2120,"date":"2026-02-17T10:20:37","date_gmt":"2026-02-17T09:20:37","guid":{"rendered":"https:\/\/vasaloppet.se\/en\/?page_id=2120"},"modified":"2026-03-10T18:47:04","modified_gmt":"2026-03-10T17:47:04","slug":"mora-nisse","status":"publish","type":"page","link":"https:\/\/vasaloppet.se\/en\/about-us\/history\/mora-nisse\/","title":{"rendered":"Mora-Nisse"},"content":{"rendered":"<p class=\"\"><strong>On March 5, 2017, we asked all participants in Vasaloppet to start the race wearing a red cap, to honour the memory of our great hero, Nils \u201dMora-Nisse\u201d Karlsson (1917\u20132012), who won more Vasaloppet victories than anyone in history. We celebrated because 2017 marked the centennial of Mora-Nisse&#8217;s birth.<\/strong><\/p>\n\n<h2 class=\"wp-block-heading vl-text-md\">Our hero in a red cap<\/h2>\n\n<p class=\"\">Nils \u201dMora-Nisse\u201d Karlsson is one of the greatest figures in Vasaloppet history. In 1943, 25-year-old Nils Karlsson competed in his first Vasaloppet and won. He raced ten times in total and took home nine victories, which is more than anyone else in Vasaloppet\u2019s long history. But Mora-Nisse also had success in competitions other than Vasaloppet. In 1948 he took the 50 kilometre Olympic Gold and in 1950 the World Championship bronze over the same distance. During his active years, Mora-Nisse also won a total of 37 Swedish Championship golds, 17 of which were individual. He was awarded the Svenska Dagbladet Gold Medal and the Holmenkollen medal.<\/p>\n\n<p class=\"\">After his active career, Mora-Nisse continued to work within Vasaloppet, first as course manager between 1961 and 1967 and then as competition director and chairman of Vasaloppet\u2019s organization committee between 1968 and 1985. It was during his years as course manager that Vasaloppet was given the route that largely remains to this day and which made it possible for Vasaloppet to grow both during winter and summer.<\/p>\n\n\n<figure class=\"wp-block-gallery has-nested-images columns-default is-cropped wp-block-gallery-1 is-layout-flex wp-block-gallery-is-layout-flex\">\n<figure class=\"wp-block-image size-large\"><img decoding=\"async\" data-id=\"2159\" src=\"https:\/\/s3.eu-de.cloud-object-storage.appdomain.cloud\/vasaloppet-costest-static-web-hosting-myg\/2025\/11\/historia-mora_nisse_rod_mossa.jpg\" alt=\"Vasaloppsdeltagare med r\u00f6d &quot;Mora-Nisse&quot;-m\u00f6ssa\" class=\"wp-image-2159\" \/><\/figure>\n<\/figure>\n\n\n<p class=\"\"><strong>Why a red cap?<\/strong><\/p>\n\n<p class=\"\">Mora-Nisse is strongly associated with the red cap he wore during all ski competitions from 1942 and on. Why he started using a red cap is not completely certain, but all evidence suggests that it had its origin at the Svenska Turistf\u00f6reningen mountain station in V\u00e5l\u00e5dalen.<\/p>\n\n<p class=\"\">V\u00e5l\u00e5dalen was, for many years, the place where Swedish elite athletes polished their form before World and Olympic Championships. And it was G\u00f6sta Olander, the mountain station\u2019s leaseholder and trainer, that had the idea of bringing a red cap for his guests. Mora-Nisse took his cap with him and wore it during competitions. Eventually the red cap became part of IFK Mora\u2019s ski uniform. On March 5, 2017, Vasaloppet asked all participants in Vasaloppet to wear a red cap when starting the race, in honour of the memory of our great hero.<\/p>\n\n<p class=\"\"><a href=\"http:\/\/www.moranisse.se\/\" target=\"_blank\" rel=\"noreferrer noopener\">More about Mora-Nisse at moranisse.se (in Swedish)<\/a><\/p>","protected":false},"excerpt":{"rendered":"<p>On March 5, 2017, we asked all participants in Vasaloppet to start the race wearing a red cap, to honour the memory of our great hero, Nils \u201dMora-Nisse\u201d Karlsson (1917\u20132012), who won more Vasaloppet victories than anyone in history. We celebrated because 2017 marked the centennial of Mora-Nisse&#8217;s birth. Our hero in a red cap [&hellip;]<\/p>\n","protected":false},"author":4,"featured_media":2121,"parent":2090,"menu_order":0,"comment_status":"closed","ping_status":"closed","template":"","meta":{"_acf_changed":false,"_relevanssi_hide_post":"","_relevanssi_hide_content":"","_relevanssi_pin_for_all":"","_relevanssi_pin_keywords":"","_relevanssi_unpin_keywords":"","_relevanssi_related_keywords":"","_relevanssi_related_include_ids":"","_relevanssi_related_exclude_ids":"","_relevanssi_related_no_append":"","_relevanssi_related_not_related":"","_relevanssi_related_posts":"1","_relevanssi_noindex_reason":"","_breakdance_hide_in_design_set":false,"_breakdance_tags":"","footnotes":""},"class_list":["post-2120","page","type-page","status-publish","has-post-thumbnail","hentry"],"acf":[],"yoast_head":"<!-- This site is optimized with the Yoast SEO plugin v26.9 - https:\/\/yoast.com\/product\/yoast-seo-wordpress\/ -->\n<title>Mora-Nisse - Vasaloppet in English<\/title>\n<meta name=\"robots\" content=\"index, follow, max-snippet:-1, max-image-preview:large, max-video-preview:-1\" \/>\n<link rel=\"canonical\" href=\"https:\/\/vasaloppet.se\/en\/about-us\/history\/mora-nisse\/\" \/>\n<meta property=\"og:locale\" content=\"en_US\" \/>\n<meta property=\"og:type\" content=\"article\" \/>\n<meta property=\"og:title\" content=\"Mora-Nisse - Vasaloppet in English\" \/>\n<meta property=\"og:description\" content=\"On March 5, 2017, we asked all participants in Vasaloppet to start the race wearing a red cap, to honour the memory of our great hero, Nils \u201dMora-Nisse\u201d Karlsson (1917\u20132012), who won more Vasaloppet victories than anyone in history. We celebrated because 2017 marked the centennial of Mora-Nisse&#8217;s birth. Our hero in a red cap [&hellip;]\" \/>\n<meta property=\"og:url\" content=\"https:\/\/vasaloppet.se\/en\/about-us\/history\/mora-nisse\/\" \/>\n<meta property=\"og:site_name\" content=\"Vasaloppet in English\" \/>\n<meta property=\"article:publisher\" content=\"https:\/\/www.facebook.com\/vasaloppetofficial\" \/>\n<meta property=\"article:modified_time\" content=\"2026-03-10T17:47:04+00:00\" \/>\n<meta property=\"og:image\" content=\"https:\/\/vasaloppet.se\/en\/wp-content\/uploads\/sites\/3\/2026\/02\/historia-mora_nisse-topp-768x393-1.jpg\" \/>\n\t<meta property=\"og:image:width\" content=\"768\" \/>\n\t<meta property=\"og:image:height\" content=\"393\" \/>\n\t<meta property=\"og:image:type\" content=\"image\/jpeg\" \/>\n<meta name=\"twitter:card\" content=\"summary_large_image\" \/>\n<meta name=\"twitter:label1\" content=\"Est. reading time\" \/>\n\t<meta name=\"twitter:data1\" content=\"3 minutes\" \/>\n<script type=\"application\/ld+json\" class=\"yoast-schema-graph\">{\"@context\":\"https:\/\/schema.org\",\"@graph\":[{\"@type\":\"WebPage\",\"@id\":\"https:\/\/vasaloppet.se\/en\/about-us\/history\/mora-nisse\/\",\"url\":\"https:\/\/vasaloppet.se\/en\/about-us\/history\/mora-nisse\/\",\"name\":\"Mora-Nisse - Vasaloppet in English\",\"isPartOf\":{\"@id\":\"https:\/\/vasaloppet.se\/en\/#website\"},\"primaryImageOfPage\":{\"@id\":\"https:\/\/vasaloppet.se\/en\/about-us\/history\/mora-nisse\/#primaryimage\"},\"image\":{\"@id\":\"https:\/\/vasaloppet.se\/en\/about-us\/history\/mora-nisse\/#primaryimage\"},\"thumbnailUrl\":\"https:\/\/vasaloppet.se\/en\/wp-content\/uploads\/sites\/3\/2026\/02\/historia-mora_nisse-topp-768x393-1.jpg\",\"datePublished\":\"2026-02-17T09:20:37+00:00\",\"dateModified\":\"2026-03-10T17:47:04+00:00\",\"breadcrumb\":{\"@id\":\"https:\/\/vasaloppet.se\/en\/about-us\/history\/mora-nisse\/#breadcrumb\"},\"inLanguage\":\"en-US\",\"potentialAction\":[{\"@type\":\"ReadAction\",\"target\":[\"https:\/\/vasaloppet.se\/en\/about-us\/history\/mora-nisse\/\"]}]},{\"@type\":\"ImageObject\",\"inLanguage\":\"en-US\",\"@id\":\"https:\/\/vasaloppet.se\/en\/about-us\/history\/mora-nisse\/#primaryimage\",\"url\":\"https:\/\/vasaloppet.se\/en\/wp-content\/uploads\/sites\/3\/2026\/02\/historia-mora_nisse-topp-768x393-1.jpg\",\"contentUrl\":\"https:\/\/vasaloppet.se\/en\/wp-content\/uploads\/sites\/3\/2026\/02\/historia-mora_nisse-topp-768x393-1.jpg\",\"width\":768,\"height\":393},{\"@type\":\"BreadcrumbList\",\"@id\":\"https:\/\/vasaloppet.se\/en\/about-us\/history\/mora-nisse\/#breadcrumb\",\"itemListElement\":[{\"@type\":\"ListItem\",\"position\":1,\"name\":\"Home\",\"item\":\"https:\/\/vasaloppet.se\/en\/\"},{\"@type\":\"ListItem\",\"position\":2,\"name\":\"About us\",\"item\":\"https:\/\/vasaloppet.se\/en\/about-us\/\"},{\"@type\":\"ListItem\",\"position\":3,\"name\":\"History\",\"item\":\"https:\/\/vasaloppet.se\/en\/about-us\/history\/\"},{\"@type\":\"ListItem\",\"position\":4,\"name\":\"Mora-Nisse\"}]},{\"@type\":\"WebSite\",\"@id\":\"https:\/\/vasaloppet.se\/en\/#website\",\"url\":\"https:\/\/vasaloppet.se\/en\/\",\"name\":\"Vasaloppet in English\",\"description\":\"\",\"publisher\":{\"@id\":\"https:\/\/vasaloppet.se\/en\/#organization\"},\"potentialAction\":[{\"@type\":\"SearchAction\",\"target\":{\"@type\":\"EntryPoint\",\"urlTemplate\":\"https:\/\/vasaloppet.se\/en\/?s={search_term_string}\"},\"query-input\":{\"@type\":\"PropertyValueSpecification\",\"valueRequired\":true,\"valueName\":\"search_term_string\"}}],\"inLanguage\":\"en-US\"},{\"@type\":\"Organization\",\"@id\":\"https:\/\/vasaloppet.se\/en\/#organization\",\"name\":\"Vasaloppet\",\"url\":\"https:\/\/vasaloppet.se\/en\/\",\"logo\":{\"@type\":\"ImageObject\",\"inLanguage\":\"en-US\",\"@id\":\"https:\/\/vasaloppet.se\/en\/#\/schema\/logo\/image\/\",\"url\":\"https:\/\/vasaloppet.se\/en\/wp-content\/uploads\/sites\/3\/2025\/12\/vasaloppet-logo.png\",\"contentUrl\":\"https:\/\/vasaloppet.se\/en\/wp-content\/uploads\/sites\/3\/2025\/12\/vasaloppet-logo.png\",\"width\":696,\"height\":696,\"caption\":\"Vasaloppet\"},\"image\":{\"@id\":\"https:\/\/vasaloppet.se\/en\/#\/schema\/logo\/image\/\"},\"sameAs\":[\"https:\/\/www.facebook.com\/vasaloppetofficial\",\"https:\/\/www.instagram.com\/vasaloppet\/\"]}]}<\/script>\n<!-- \/ Yoast SEO plugin. -->","yoast_head_json":{"title":"Mora-Nisse - Vasaloppet in English","robots":{"index":"index","follow":"follow","max-snippet":"max-snippet:-1","max-image-preview":"max-image-preview:large","max-video-preview":"max-video-preview:-1"},"canonical":"https:\/\/vasaloppet.se\/en\/about-us\/history\/mora-nisse\/","og_locale":"en_US","og_type":"article","og_title":"Mora-Nisse - Vasaloppet in English","og_description":"On March 5, 2017, we asked all participants in Vasaloppet to start the race wearing a red cap, to honour the memory of our great hero, Nils \u201dMora-Nisse\u201d Karlsson (1917\u20132012), who won more Vasaloppet victories than anyone in history. We celebrated because 2017 marked the centennial of Mora-Nisse&#8217;s birth. Our hero in a red cap [&hellip;]","og_url":"https:\/\/vasaloppet.se\/en\/about-us\/history\/mora-nisse\/","og_site_name":"Vasaloppet in English","article_publisher":"https:\/\/www.facebook.com\/vasaloppetofficial","article_modified_time":"2026-03-10T17:47:04+00:00","og_image":[{"width":768,"height":393,"url":"https:\/\/vasaloppet.se\/en\/wp-content\/uploads\/sites\/3\/2026\/02\/historia-mora_nisse-topp-768x393-1.jpg","type":"image\/jpeg"}],"twitter_card":"summary_large_image","twitter_misc":{"Est. reading time":"3 minutes"},"schema":{"@context":"https:\/\/schema.org","@graph":[{"@type":"WebPage","@id":"https:\/\/vasaloppet.se\/en\/about-us\/history\/mora-nisse\/","url":"https:\/\/vasaloppet.se\/en\/about-us\/history\/mora-nisse\/","name":"Mora-Nisse - Vasaloppet in English","isPartOf":{"@id":"https:\/\/vasaloppet.se\/en\/#website"},"primaryImageOfPage":{"@id":"https:\/\/vasaloppet.se\/en\/about-us\/history\/mora-nisse\/#primaryimage"},"image":{"@id":"https:\/\/vasaloppet.se\/en\/about-us\/history\/mora-nisse\/#primaryimage"},"thumbnailUrl":"https:\/\/vasaloppet.se\/en\/wp-content\/uploads\/sites\/3\/2026\/02\/historia-mora_nisse-topp-768x393-1.jpg","datePublished":"2026-02-17T09:20:37+00:00","dateModified":"2026-03-10T17:47:04+00:00","breadcrumb":{"@id":"https:\/\/vasaloppet.se\/en\/about-us\/history\/mora-nisse\/#breadcrumb"},"inLanguage":"en-US","potentialAction":[{"@type":"ReadAction","target":["https:\/\/vasaloppet.se\/en\/about-us\/history\/mora-nisse\/"]}]},{"@type":"ImageObject","inLanguage":"en-US","@id":"https:\/\/vasaloppet.se\/en\/about-us\/history\/mora-nisse\/#primaryimage","url":"https:\/\/vasaloppet.se\/en\/wp-content\/uploads\/sites\/3\/2026\/02\/historia-mora_nisse-topp-768x393-1.jpg","contentUrl":"https:\/\/vasaloppet.se\/en\/wp-content\/uploads\/sites\/3\/2026\/02\/historia-mora_nisse-topp-768x393-1.jpg","width":768,"height":393},{"@type":"BreadcrumbList","@id":"https:\/\/vasaloppet.se\/en\/about-us\/history\/mora-nisse\/#breadcrumb","itemListElement":[{"@type":"ListItem","position":1,"name":"Home","item":"https:\/\/vasaloppet.se\/en\/"},{"@type":"ListItem","position":2,"name":"About us","item":"https:\/\/vasaloppet.se\/en\/about-us\/"},{"@type":"ListItem","position":3,"name":"History","item":"https:\/\/vasaloppet.se\/en\/about-us\/history\/"},{"@type":"ListItem","position":4,"name":"Mora-Nisse"}]},{"@type":"WebSite","@id":"https:\/\/vasaloppet.se\/en\/#website","url":"https:\/\/vasaloppet.se\/en\/","name":"Vasaloppet in English","description":"","publisher":{"@id":"https:\/\/vasaloppet.se\/en\/#organization"},"potentialAction":[{"@type":"SearchAction","target":{"@type":"EntryPoint","urlTemplate":"https:\/\/vasaloppet.se\/en\/?s={search_term_string}"},"query-input":{"@type":"PropertyValueSpecification","valueRequired":true,"valueName":"search_term_string"}}],"inLanguage":"en-US"},{"@type":"Organization","@id":"https:\/\/vasaloppet.se\/en\/#organization","name":"Vasaloppet","url":"https:\/\/vasaloppet.se\/en\/","logo":{"@type":"ImageObject","inLanguage":"en-US","@id":"https:\/\/vasaloppet.se\/en\/#\/schema\/logo\/image\/","url":"https:\/\/vasaloppet.se\/en\/wp-content\/uploads\/sites\/3\/2025\/12\/vasaloppet-logo.png","contentUrl":"https:\/\/vasaloppet.se\/en\/wp-content\/uploads\/sites\/3\/2025\/12\/vasaloppet-logo.png","width":696,"height":696,"caption":"Vasaloppet"},"image":{"@id":"https:\/\/vasaloppet.se\/en\/#\/schema\/logo\/image\/"},"sameAs":["https:\/\/www.facebook.com\/vasaloppetofficial","https:\/\/www.instagram.com\/vasaloppet\/"]}]}},"publishpress_future_action":{"enabled":false,"date":"2026-04-27 15:50:01","action":"change-status","newStatus":"draft","terms":[],"taxonomy":"","extraData":[]},"publishpress_future_workflow_manual_trigger":{"enabledWorkflows":[]},"_links":{"self":[{"href":"https:\/\/vasaloppet.se\/en\/wp-json\/wp\/v2\/pages\/2120","targetHints":{"allow":["GET"]}}],"collection":[{"href":"https:\/\/vasaloppet.se\/en\/wp-json\/wp\/v2\/pages"}],"about":[{"href":"https:\/\/vasaloppet.se\/en\/wp-json\/wp\/v2\/types\/page"}],"author":[{"embeddable":true,"href":"https:\/\/vasaloppet.se\/en\/wp-json\/wp\/v2\/users\/4"}],"replies":[{"embeddable":true,"href":"https:\/\/vasaloppet.se\/en\/wp-json\/wp\/v2\/comments?post=2120"}],"version-history":[{"count":3,"href":"https:\/\/vasaloppet.se\/en\/wp-json\/wp\/v2\/pages\/2120\/revisions"}],"predecessor-version":[{"id":2656,"href":"https:\/\/vasaloppet.se\/en\/wp-json\/wp\/v2\/pages\/2120\/revisions\/2656"}],"up":[{"embeddable":true,"href":"https:\/\/vasaloppet.se\/en\/wp-json\/wp\/v2\/pages\/2090"}],"wp:featuredmedia":[{"embeddable":true,"href":"https:\/\/vasaloppet.se\/en\/wp-json\/wp\/v2\/media\/2121"}],"wp:attachment":[{"href":"https:\/\/vasaloppet.se\/en\/wp-json\/wp\/v2\/media?parent=2120"}],"curies":[{"name":"wp","href":"https:\/\/api.w.org\/{rel}","templated":true}]}}