{"id":824,"date":"2025-12-09T18:11:13","date_gmt":"2025-12-09T17:11:13","guid":{"rendered":"https:\/\/vasaloppet.se\/en\/?page_id=824"},"modified":"2025-12-17T08:57:55","modified_gmt":"2025-12-17T07:57:55","slug":"run","status":"publish","type":"page","link":"https:\/\/vasaloppet.se\/en\/run\/","title":{"rendered":"Run"},"content":{"rendered":"<p class=\"vl-text-md\"><strong>Running festival on classic Vasaloppet terrain<\/strong><\/p>\n\n<p class=\"\">The great running festival in the Vasaloppet Arena takes place in August. We offer six different running events with distances from 4 to 92 kilometres. Run the entire historic Vasaloppet route in Ultravasan 90 or choose the distance that&#8217;s right for you. Perhaps share the course with friends in Vasastafetten? Welcome!<\/p>\n\n<figure class=\"wp-block-embed is-provider-streamio wp-block-embed-streamio is-style-outset is-type-video\"><div class=\"wp-block-embed__wrapper\">\n<iframe loading=\"lazy\" class=\"wp-embedded-content\" title=\"L\u00f6pning\" width=\"1920\" height=\"1080\" src=\"https:\/\/streamio.com\/api\/v1\/videos\/6937e0f16f8d8d10f4000010\/public_show?player_id=645b96f56f8d8d2ed0000006#?secret=J3YfCvPlYC\" frameborder=\"0\" allowfullscreen=\"allowfullscreen\" scrolling=\"no\"><\/iframe>\n<\/div><\/figure>\n\n\n<div style=\"height:70px\" aria-hidden=\"true\" class=\"wp-block-spacer\"><\/div>\n\n\n<div class=\"wp-block-group has-background\"><div class=\"wp-block-group__inner-container is-layout-constrained wp-block-group-is-layout-constrained has-vl-color-blue-light-background-color\"><h2 class=\"wp-block-heading vl-text-md\">Which event is right for you?<\/h2>\n\n<p class=\"\">Explore our races and events here:<\/p>\n\n<div class=\"vasaloppet-race-accordion-block\">\n\t\n\t\t\t<div class=\"vl-accordion vl-race-accordion\" id=\"VLRA6522\">\n\t\t\t<div class=\"bde-accordion bde-accordion--bordered\">\n\t\t\t\t\t\t\t\t\t<div class=\"bde-accordion__content-wrapper\n\t\t\t\t\t\t\t\t\t\t\">\n\t\t\t\t\t\t<h3 class=\"bde-accordion__title-tag\">\n\t\t\t\t\t\t\t<button type=\"button\" class=\"bde-accordion__button\" id=\"vl-race-accordion-button-5230\" aria-controls=\"vl-race-accordion-panel-5230\" aria-expanded=\"false\">\n\t\t\t\t\t\t\t\t<span class=\"bde-accordion__title\">90 km<\/span>\n\t\t\t\t\t\t\t\t<span class=\"bde-accordion__icon bde-accordion__icon--default\"><\/span>\n\t\t\t\t\t\t\t\t<span class=\"bde-accordion__icon bde-accordion__icon--active\"><\/span>\n\t\t\t\t\t\t\t<\/button>\n\t\t\t\t\t\t<\/h3>\n\t\t\t\t\t\t<div role=\"region\" class=\"bde-accordion__panel\" id=\"vl-race-accordion-panel-5230\" aria-labelledby=\"vl-race-accordion-button-5230\">\n\t\t\t\t\t\t\t<div class=\"bde-accordion__panel-content\">\n\t\t\t\t\t\t\t\t<ul class=\"vl-race-accordion-list\">\n\t\t\t\t\t\t\t\t\t\t\t\t\t\t\t\t\t\t\t<li class=\"vl-race-accordion-list__item\">\n\t\t\t\t\t\t\t\t\t\t\t<a href=\"https:\/\/vasaloppet.se\/en\/run\/vasastafetten\/\" class=\"vl-race-accordion-list__item__link\">\n\t\t\t\t\t\t\t\t\t\t\t\t<span class=\"vl-race-accordion-list__item__name\">Vasastafetten<\/span>\n\t\t\t\t\t\t\t\t\t\t\t\t\t\t\t\t\t\t\t\t\t\t\t\t\t<span class=\"vl-race-accordion-list__item__date\">Aug 15<\/span>\n\t\t\t\t\t\t\t\t\t\t\t\t\t\t\t\t\t\t\t\t\t\t\t\t\t<\/a>\n\t\t\t\t\t\t\t\t\t\t<\/li>\n\t\t\t\t\t\t\t\t\t\t\t\t\t\t\t\t\t\t\t<li class=\"vl-race-accordion-list__item\">\n\t\t\t\t\t\t\t\t\t\t\t<a href=\"https:\/\/vasaloppet.se\/en\/run\/ultravasan-90\/\" class=\"vl-race-accordion-list__item__link\">\n\t\t\t\t\t\t\t\t\t\t\t\t<span class=\"vl-race-accordion-list__item__name\">Ultravasan 90<\/span>\n\t\t\t\t\t\t\t\t\t\t\t\t\t\t\t\t\t\t\t\t\t\t\t\t\t<span class=\"vl-race-accordion-list__item__date\">Aug 15<\/span>\n\t\t\t\t\t\t\t\t\t\t\t\t\t\t\t\t\t\t\t\t\t\t\t\t\t<\/a>\n\t\t\t\t\t\t\t\t\t\t<\/li>\n\t\t\t\t\t\t\t\t\t\t\t\t\t\t\t\t\t<\/ul>\n\t\t\t\t\t\t\t<\/div>\n\t\t\t\t\t\t<\/div>\n\t\t\t\t\t<\/div>\n\t\t\t\t\t\t\t\t\t<div class=\"bde-accordion__content-wrapper\n\t\t\t\t\t\t\t\t\t\t\">\n\t\t\t\t\t\t<h3 class=\"bde-accordion__title-tag\">\n\t\t\t\t\t\t\t<button type=\"button\" class=\"bde-accordion__button\" id=\"vl-race-accordion-button-1298\" aria-controls=\"vl-race-accordion-panel-1298\" aria-expanded=\"false\">\n\t\t\t\t\t\t\t\t<span class=\"bde-accordion__title\">45 km<\/span>\n\t\t\t\t\t\t\t\t<span class=\"bde-accordion__icon bde-accordion__icon--default\"><\/span>\n\t\t\t\t\t\t\t\t<span class=\"bde-accordion__icon bde-accordion__icon--active\"><\/span>\n\t\t\t\t\t\t\t<\/button>\n\t\t\t\t\t\t<\/h3>\n\t\t\t\t\t\t<div role=\"region\" class=\"bde-accordion__panel\" id=\"vl-race-accordion-panel-1298\" aria-labelledby=\"vl-race-accordion-button-1298\">\n\t\t\t\t\t\t\t<div class=\"bde-accordion__panel-content\">\n\t\t\t\t\t\t\t\t<ul class=\"vl-race-accordion-list\">\n\t\t\t\t\t\t\t\t\t\t\t\t\t\t\t\t\t\t\t<li class=\"vl-race-accordion-list__item\">\n\t\t\t\t\t\t\t\t\t\t\t<a href=\"https:\/\/vasaloppet.se\/en\/run\/ultravasan-45\/\" class=\"vl-race-accordion-list__item__link\">\n\t\t\t\t\t\t\t\t\t\t\t\t<span class=\"vl-race-accordion-list__item__name\">Ultravasan 45<\/span>\n\t\t\t\t\t\t\t\t\t\t\t\t\t\t\t\t\t\t\t\t\t\t\t\t\t<span class=\"vl-race-accordion-list__item__date\">Aug 15<\/span>\n\t\t\t\t\t\t\t\t\t\t\t\t\t\t\t\t\t\t\t\t\t\t\t\t\t<\/a>\n\t\t\t\t\t\t\t\t\t\t<\/li>\n\t\t\t\t\t\t\t\t\t\t\t\t\t\t\t\t\t<\/ul>\n\t\t\t\t\t\t\t<\/div>\n\t\t\t\t\t\t<\/div>\n\t\t\t\t\t<\/div>\n\t\t\t\t\t\t\t\t\t<div class=\"bde-accordion__content-wrapper\n\t\t\t\t\t\t\t\t\t\t\">\n\t\t\t\t\t\t<h3 class=\"bde-accordion__title-tag\">\n\t\t\t\t\t\t\t<button type=\"button\" class=\"bde-accordion__button\" id=\"vl-race-accordion-button-5053\" aria-controls=\"vl-race-accordion-panel-5053\" aria-expanded=\"false\">\n\t\t\t\t\t\t\t\t<span class=\"bde-accordion__title\">30 km<\/span>\n\t\t\t\t\t\t\t\t<span class=\"bde-accordion__icon bde-accordion__icon--default\"><\/span>\n\t\t\t\t\t\t\t\t<span class=\"bde-accordion__icon bde-accordion__icon--active\"><\/span>\n\t\t\t\t\t\t\t<\/button>\n\t\t\t\t\t\t<\/h3>\n\t\t\t\t\t\t<div role=\"region\" class=\"bde-accordion__panel\" id=\"vl-race-accordion-panel-5053\" aria-labelledby=\"vl-race-accordion-button-5053\">\n\t\t\t\t\t\t\t<div class=\"bde-accordion__panel-content\">\n\t\t\t\t\t\t\t\t<ul class=\"vl-race-accordion-list\">\n\t\t\t\t\t\t\t\t\t\t\t\t\t\t\t\t\t\t\t<li class=\"vl-race-accordion-list__item\">\n\t\t\t\t\t\t\t\t\t\t\t<a href=\"https:\/\/vasaloppet.se\/en\/run\/trailvasan-30\/\" class=\"vl-race-accordion-list__item__link\">\n\t\t\t\t\t\t\t\t\t\t\t\t<span class=\"vl-race-accordion-list__item__name\">Trailvasan 30<\/span>\n\t\t\t\t\t\t\t\t\t\t\t\t\t\t\t\t\t\t\t\t\t\t\t\t\t<span class=\"vl-race-accordion-list__item__date\">Aug 15<\/span>\n\t\t\t\t\t\t\t\t\t\t\t\t\t\t\t\t\t\t\t\t\t\t\t\t\t<\/a>\n\t\t\t\t\t\t\t\t\t\t<\/li>\n\t\t\t\t\t\t\t\t\t\t\t\t\t\t\t\t\t<\/ul>\n\t\t\t\t\t\t\t<\/div>\n\t\t\t\t\t\t<\/div>\n\t\t\t\t\t<\/div>\n\t\t\t\t\t\t\t\t\t<div class=\"bde-accordion__content-wrapper\n\t\t\t\t\t\t\t\t\t\t\">\n\t\t\t\t\t\t<h3 class=\"bde-accordion__title-tag\">\n\t\t\t\t\t\t\t<button type=\"button\" class=\"bde-accordion__button\" id=\"vl-race-accordion-button-1433\" aria-controls=\"vl-race-accordion-panel-1433\" aria-expanded=\"false\">\n\t\t\t\t\t\t\t\t<span class=\"bde-accordion__title\">Under 30 km<\/span>\n\t\t\t\t\t\t\t\t<span class=\"bde-accordion__icon bde-accordion__icon--default\"><\/span>\n\t\t\t\t\t\t\t\t<span class=\"bde-accordion__icon bde-accordion__icon--active\"><\/span>\n\t\t\t\t\t\t\t<\/button>\n\t\t\t\t\t\t<\/h3>\n\t\t\t\t\t\t<div role=\"region\" class=\"bde-accordion__panel\" id=\"vl-race-accordion-panel-1433\" aria-labelledby=\"vl-race-accordion-button-1433\">\n\t\t\t\t\t\t\t<div class=\"bde-accordion__panel-content\">\n\t\t\t\t\t\t\t\t<ul class=\"vl-race-accordion-list\">\n\t\t\t\t\t\t\t\t\t\t\t\t\t\t\t\t\t\t\t<li class=\"vl-race-accordion-list__item\">\n\t\t\t\t\t\t\t\t\t\t\t<a href=\"https:\/\/vasaloppet.se\/en\/run\/funkisvasan\/\" class=\"vl-race-accordion-list__item__link\">\n\t\t\t\t\t\t\t\t\t\t\t\t<span class=\"vl-race-accordion-list__item__name\">Funkisvasan<\/span>\n\t\t\t\t\t\t\t\t\t\t\t\t\t\t\t\t\t\t\t\t\t\t\t\t\t<span class=\"vl-race-accordion-list__item__date\">Aug 14<\/span>\n\t\t\t\t\t\t\t\t\t\t\t\t\t\t\t\t\t\t\t\t\t\t\t\t\t<\/a>\n\t\t\t\t\t\t\t\t\t\t<\/li>\n\t\t\t\t\t\t\t\t\t\t\t\t\t\t\t\t\t\t\t<li class=\"vl-race-accordion-list__item\">\n\t\t\t\t\t\t\t\t\t\t\t<a href=\"https:\/\/vasaloppet.se\/en\/run\/trailvasan-10\/\" class=\"vl-race-accordion-list__item__link\">\n\t\t\t\t\t\t\t\t\t\t\t\t<span class=\"vl-race-accordion-list__item__name\">Trailvasan 10<\/span>\n\t\t\t\t\t\t\t\t\t\t\t\t\t\t\t\t\t\t\t\t\t\t\t\t\t<span class=\"vl-race-accordion-list__item__date\">Aug 14<\/span>\n\t\t\t\t\t\t\t\t\t\t\t\t\t\t\t\t\t\t\t\t\t\t\t\t\t<\/a>\n\t\t\t\t\t\t\t\t\t\t<\/li>\n\t\t\t\t\t\t\t\t\t\t\t\t\t\t\t\t\t<\/ul>\n\t\t\t\t\t\t\t<\/div>\n\t\t\t\t\t\t<\/div>\n\t\t\t\t\t<\/div>\n\t\t\t\t\t\t\t<\/div>\n\t\t<\/div>\n\t\t<\/div><\/div><\/div>\n\n\n<div style=\"height:30px\" aria-hidden=\"true\" class=\"wp-block-spacer\"><\/div>\n\n\n\n<figure class=\"wp-block-image size-large is-style-outset\"><img decoding=\"async\" src=\"https:\/\/s3.eu-de.cloud-object-storage.appdomain.cloud\/vasaloppet-costest-static-web-hosting-myg\/2025\/11\/25Up_div_lo_em_0498-1024x683.jpg\" alt=\"\" class=\"wp-image-2586\" \/><\/figure>\n\n\n\n<div style=\"height:70px\" aria-hidden=\"true\" class=\"wp-block-spacer\"><\/div>\n\n\n<h2 class=\"wp-block-heading vl-text-lg\"><strong>Train with the Vasaloppet Running School<\/strong><\/h2>\n\n<p class=\"\">Is this your first running event? Feeling rusty or unsure how to tackle an ultra distance? Then we recommend the Vasaloppet Running School! It&#8217;s right here and offers tips on everything from which strength training suits an ultra event best, which shoes to choose, how to eat before the event and what to pack. Welcome to begin your journey towards the finish line in Mora.<\/p>\n\n\n<figure class=\"wp-block-embed is-type-video is-provider-youtube wp-block-embed-youtube wp-embed-aspect-16-9 wp-has-aspect-ratio is-style-outset\"><div class=\"wp-block-embed__wrapper\">\n<iframe loading=\"lazy\" title=\"L\u00f6pskola med Sophia Sundberg - Starten och f\u00f6rsta backen #ultramaraton #l\u00f6pning\" width=\"500\" height=\"281\" src=\"https:\/\/www.youtube.com\/embed\/LdkplUjsFJA?list=PLEs1IxN0C-ATXnFVAC4M2aACfE8mINUcs\" frameborder=\"0\" allow=\"accelerometer; autoplay; clipboard-write; encrypted-media; gyroscope; picture-in-picture; web-share\" referrerpolicy=\"strict-origin-when-cross-origin\" allowfullscreen><\/iframe>\n<\/div><\/figure>\n\n\n<div class=\"wp-block-buttons is-content-justification-center is-layout-flex wp-container-core-buttons-is-layout-16018d1d wp-block-buttons-is-layout-flex\">\n<div class=\"wp-block-button\"><a class=\"button-atom button-atom--primary\" href=\"https:\/\/vasaloppet.se\/guider-och-tips\/lopning\/vasaloppet-lopskola-del-1\/\"><span>ALL EPISODES<\/span><\/a><\/div>\n<\/div>\n\n\n<div style=\"height:20px\" aria-hidden=\"true\" class=\"wp-block-spacer\"><\/div>\n\n\n\n<figure class=\"wp-block-image size-large is-style-outset\"><img decoding=\"async\" src=\"https:\/\/vasaloppet.se\/wp-content\/uploads\/2025\/12\/25Up_UV90_0290-1024x683.jpg\" alt=\"\" class=\"wp-image-4652\" \/><\/figure>\n\n\n<div class='breakdance'><div class=\"vasaloppet-calendar-36-100-36-1 vasaloppet-calendar vasaloppet-calendar-36-100\">\n<div data-preact=\"calendar\" data-preact-props=\"{&quot;filters&quot;:{&quot;category&quot;:[&quot;seeding-races&quot;],&quot;sport_category&quot;:[&quot;ski&quot;]},&quot;settings&quot;:{&quot;hide_filters&quot;:true},&quot;defaults&quot;:{&quot;winter_week&quot;:{&quot;start_date&quot;:&quot;2026-02-20&quot;,&quot;end_date&quot;:&quot;2026-03-01&quot;},&quot;summer_week&quot;:{&quot;start_date&quot;:&quot;2026-08-07&quot;,&quot;end_date&quot;:&quot;2026-08-15&quot;}}}\"><\/div>\n<\/div><\/div>\n\n<h2 class=\"wp-block-heading vl-text-lg\"><strong>The journey is part of the goal \u2013 we&#8217;re with you all the way<\/strong><\/h2>\n\n<p class=\"\">When you sign up for one of our events, we&#8217;ll be with you all the way to the finish line. The Vasaloppet Schools answer questions about how to train and how best to plan your event. You can also take lessons in running technique, for example, with one of our Official Vasaloppet Coaches.<\/p>\n\n<p class=\"\">Once a month we send out a newsletter with inspiration, encouragement, important information and great offers from our partners. Our customer service is open all year round.<\/p>\n\n<p class=\"\">On the Guides and tips page you&#8217;ll find everything from training programmes to practical details about buses, accommodation and official feed zone service \u2013 in short, everything you need to know before your event.<\/p>\n\n\n<div style=\"height:10px\" aria-hidden=\"true\" class=\"wp-block-spacer\"><\/div>\n\n\n<div class=\"wp-block-buttons wp-container-content-72558541 is-content-justification-left is-layout-flex wp-container-core-buttons-is-layout-fdcfc74e wp-block-buttons-is-layout-flex\">\n<div class=\"wp-block-button has-custom-width wp-block-button__width-50\"><a class=\"button-atom button-atom--primary\" href=\"https:\/\/vasaloppet.se\/guider-och-tips\/lopning\"><span>All guides och tips<\/span><\/a><\/div>\n<\/div>\n\n\n<div style=\"height:30px\" aria-hidden=\"true\" class=\"wp-block-spacer\"><\/div>\n\n\n<figure class=\"wp-block-embed is-provider-streamio wp-block-embed-streamio is-style-outset is-type-video\"><div class=\"wp-block-embed__wrapper\">\n<iframe loading=\"lazy\" class=\"wp-embedded-content\" title=\"L\u00f6pargl\u00e4dje\" width=\"1920\" height=\"1080\" src=\"https:\/\/streamio.com\/api\/v1\/videos\/6936cc196f8d8db7f8000001\/public_show?player_id=645b96f56f8d8d2ed0000006#?secret=uh2y2O09YH\" frameborder=\"0\" allowfullscreen=\"allowfullscreen\" scrolling=\"no\"><\/iframe>\n<\/div><\/figure>\n\n\n<div style=\"height:30px\" aria-hidden=\"true\" class=\"wp-block-spacer\"><\/div>\n\n\n","protected":false},"excerpt":{"rendered":"<p>Running festival on classic Vasaloppet terrain The great running festival in the Vasaloppet Arena takes place in August. We offer six different running events with distances from 4 to 92 kilometres. Run the entire historic Vasaloppet route in Ultravasan 90 or choose the distance that&#8217;s right for you. Perhaps share the course with friends in [&hellip;]<\/p>\n","protected":false},"author":1,"featured_media":1267,"parent":0,"menu_order":0,"comment_status":"closed","ping_status":"closed","template":"","meta":{"_acf_changed":false,"_relevanssi_hide_post":"","_relevanssi_hide_content":"","_relevanssi_pin_for_all":"","_relevanssi_pin_keywords":"","_relevanssi_unpin_keywords":"","_relevanssi_related_keywords":"","_relevanssi_related_include_ids":"","_relevanssi_related_exclude_ids":"","_relevanssi_related_no_append":"","_relevanssi_related_not_related":"","_relevanssi_related_posts":"1","_relevanssi_noindex_reason":"","_breakdance_hide_in_design_set":false,"_breakdance_tags":"","footnotes":""},"class_list":["post-824","page","type-page","status-publish","has-post-thumbnail","hentry"],"acf":[],"yoast_head":"<!-- This site is optimized with the Yoast SEO plugin v26.9 - https:\/\/yoast.com\/product\/yoast-seo-wordpress\/ -->\n<title>Run - Vasaloppet in English<\/title>\n<meta name=\"robots\" content=\"index, follow, max-snippet:-1, max-image-preview:large, max-video-preview:-1\" \/>\n<link rel=\"canonical\" href=\"https:\/\/vasaloppet.se\/en\/run\/\" \/>\n<meta property=\"og:locale\" content=\"en_US\" \/>\n<meta property=\"og:type\" content=\"article\" \/>\n<meta property=\"og:title\" content=\"Run - Vasaloppet in English\" \/>\n<meta property=\"og:description\" content=\"Running festival on classic Vasaloppet terrain The great running festival in the Vasaloppet Arena takes place in August. We offer six different running events with distances from 4 to 92 kilometres. Run the entire historic Vasaloppet route in Ultravasan 90 or choose the distance that&#8217;s right for you. Perhaps share the course with friends in [&hellip;]\" \/>\n<meta property=\"og:url\" content=\"https:\/\/vasaloppet.se\/en\/run\/\" \/>\n<meta property=\"og:site_name\" content=\"Vasaloppet in English\" \/>\n<meta property=\"article:publisher\" content=\"https:\/\/www.facebook.com\/vasaloppetofficial\" \/>\n<meta property=\"article:modified_time\" content=\"2025-12-17T07:57:55+00:00\" \/>\n<meta property=\"og:image\" content=\"https:\/\/vasaloppet.se\/en\/wp-content\/uploads\/sites\/3\/2025\/12\/UP26407-Forbattrad-NR-1.jpg\" \/>\n\t<meta property=\"og:image:width\" content=\"1920\" \/>\n\t<meta property=\"og:image:height\" content=\"1280\" \/>\n\t<meta property=\"og:image:type\" content=\"image\/jpeg\" \/>\n<meta name=\"twitter:card\" content=\"summary_large_image\" \/>\n<meta name=\"twitter:label1\" content=\"Est. reading time\" \/>\n\t<meta name=\"twitter:data1\" content=\"2 minutes\" \/>\n<script type=\"application\/ld+json\" class=\"yoast-schema-graph\">{\"@context\":\"https:\/\/schema.org\",\"@graph\":[{\"@type\":\"WebPage\",\"@id\":\"https:\/\/vasaloppet.se\/en\/run\/\",\"url\":\"https:\/\/vasaloppet.se\/en\/run\/\",\"name\":\"Run - Vasaloppet in English\",\"isPartOf\":{\"@id\":\"https:\/\/vasaloppet.se\/en\/#website\"},\"primaryImageOfPage\":{\"@id\":\"https:\/\/vasaloppet.se\/en\/run\/#primaryimage\"},\"image\":{\"@id\":\"https:\/\/vasaloppet.se\/en\/run\/#primaryimage\"},\"thumbnailUrl\":\"https:\/\/vasaloppet.se\/en\/wp-content\/uploads\/sites\/3\/2025\/12\/UP26407-Forbattrad-NR-1.jpg\",\"datePublished\":\"2025-12-09T17:11:13+00:00\",\"dateModified\":\"2025-12-17T07:57:55+00:00\",\"breadcrumb\":{\"@id\":\"https:\/\/vasaloppet.se\/en\/run\/#breadcrumb\"},\"inLanguage\":\"en-US\",\"potentialAction\":[{\"@type\":\"ReadAction\",\"target\":[\"https:\/\/vasaloppet.se\/en\/run\/\"]}]},{\"@type\":\"ImageObject\",\"inLanguage\":\"en-US\",\"@id\":\"https:\/\/vasaloppet.se\/en\/run\/#primaryimage\",\"url\":\"https:\/\/vasaloppet.se\/en\/wp-content\/uploads\/sites\/3\/2025\/12\/UP26407-Forbattrad-NR-1.jpg\",\"contentUrl\":\"https:\/\/vasaloppet.se\/en\/wp-content\/uploads\/sites\/3\/2025\/12\/UP26407-Forbattrad-NR-1.jpg\",\"width\":1920,\"height\":1280},{\"@type\":\"BreadcrumbList\",\"@id\":\"https:\/\/vasaloppet.se\/en\/run\/#breadcrumb\",\"itemListElement\":[{\"@type\":\"ListItem\",\"position\":1,\"name\":\"Home\",\"item\":\"https:\/\/vasaloppet.se\/en\/\"},{\"@type\":\"ListItem\",\"position\":2,\"name\":\"Run\"}]},{\"@type\":\"WebSite\",\"@id\":\"https:\/\/vasaloppet.se\/en\/#website\",\"url\":\"https:\/\/vasaloppet.se\/en\/\",\"name\":\"Vasaloppet in English\",\"description\":\"\",\"publisher\":{\"@id\":\"https:\/\/vasaloppet.se\/en\/#organization\"},\"potentialAction\":[{\"@type\":\"SearchAction\",\"target\":{\"@type\":\"EntryPoint\",\"urlTemplate\":\"https:\/\/vasaloppet.se\/en\/?s={search_term_string}\"},\"query-input\":{\"@type\":\"PropertyValueSpecification\",\"valueRequired\":true,\"valueName\":\"search_term_string\"}}],\"inLanguage\":\"en-US\"},{\"@type\":\"Organization\",\"@id\":\"https:\/\/vasaloppet.se\/en\/#organization\",\"name\":\"Vasaloppet\",\"url\":\"https:\/\/vasaloppet.se\/en\/\",\"logo\":{\"@type\":\"ImageObject\",\"inLanguage\":\"en-US\",\"@id\":\"https:\/\/vasaloppet.se\/en\/#\/schema\/logo\/image\/\",\"url\":\"https:\/\/vasaloppet.se\/en\/wp-content\/uploads\/sites\/3\/2025\/12\/vasaloppet-logo.png\",\"contentUrl\":\"https:\/\/vasaloppet.se\/en\/wp-content\/uploads\/sites\/3\/2025\/12\/vasaloppet-logo.png\",\"width\":696,\"height\":696,\"caption\":\"Vasaloppet\"},\"image\":{\"@id\":\"https:\/\/vasaloppet.se\/en\/#\/schema\/logo\/image\/\"},\"sameAs\":[\"https:\/\/www.facebook.com\/vasaloppetofficial\",\"https:\/\/www.instagram.com\/vasaloppet\/\"]}]}<\/script>\n<!-- \/ Yoast SEO plugin. -->","yoast_head_json":{"title":"Run - Vasaloppet in English","robots":{"index":"index","follow":"follow","max-snippet":"max-snippet:-1","max-image-preview":"max-image-preview:large","max-video-preview":"max-video-preview:-1"},"canonical":"https:\/\/vasaloppet.se\/en\/run\/","og_locale":"en_US","og_type":"article","og_title":"Run - Vasaloppet in English","og_description":"Running festival on classic Vasaloppet terrain The great running festival in the Vasaloppet Arena takes place in August. We offer six different running events with distances from 4 to 92 kilometres. Run the entire historic Vasaloppet route in Ultravasan 90 or choose the distance that&#8217;s right for you. Perhaps share the course with friends in [&hellip;]","og_url":"https:\/\/vasaloppet.se\/en\/run\/","og_site_name":"Vasaloppet in English","article_publisher":"https:\/\/www.facebook.com\/vasaloppetofficial","article_modified_time":"2025-12-17T07:57:55+00:00","og_image":[{"width":1920,"height":1280,"url":"https:\/\/vasaloppet.se\/en\/wp-content\/uploads\/sites\/3\/2025\/12\/UP26407-Forbattrad-NR-1.jpg","type":"image\/jpeg"}],"twitter_card":"summary_large_image","twitter_misc":{"Est. reading time":"2 minutes"},"schema":{"@context":"https:\/\/schema.org","@graph":[{"@type":"WebPage","@id":"https:\/\/vasaloppet.se\/en\/run\/","url":"https:\/\/vasaloppet.se\/en\/run\/","name":"Run - Vasaloppet in English","isPartOf":{"@id":"https:\/\/vasaloppet.se\/en\/#website"},"primaryImageOfPage":{"@id":"https:\/\/vasaloppet.se\/en\/run\/#primaryimage"},"image":{"@id":"https:\/\/vasaloppet.se\/en\/run\/#primaryimage"},"thumbnailUrl":"https:\/\/vasaloppet.se\/en\/wp-content\/uploads\/sites\/3\/2025\/12\/UP26407-Forbattrad-NR-1.jpg","datePublished":"2025-12-09T17:11:13+00:00","dateModified":"2025-12-17T07:57:55+00:00","breadcrumb":{"@id":"https:\/\/vasaloppet.se\/en\/run\/#breadcrumb"},"inLanguage":"en-US","potentialAction":[{"@type":"ReadAction","target":["https:\/\/vasaloppet.se\/en\/run\/"]}]},{"@type":"ImageObject","inLanguage":"en-US","@id":"https:\/\/vasaloppet.se\/en\/run\/#primaryimage","url":"https:\/\/vasaloppet.se\/en\/wp-content\/uploads\/sites\/3\/2025\/12\/UP26407-Forbattrad-NR-1.jpg","contentUrl":"https:\/\/vasaloppet.se\/en\/wp-content\/uploads\/sites\/3\/2025\/12\/UP26407-Forbattrad-NR-1.jpg","width":1920,"height":1280},{"@type":"BreadcrumbList","@id":"https:\/\/vasaloppet.se\/en\/run\/#breadcrumb","itemListElement":[{"@type":"ListItem","position":1,"name":"Home","item":"https:\/\/vasaloppet.se\/en\/"},{"@type":"ListItem","position":2,"name":"Run"}]},{"@type":"WebSite","@id":"https:\/\/vasaloppet.se\/en\/#website","url":"https:\/\/vasaloppet.se\/en\/","name":"Vasaloppet in English","description":"","publisher":{"@id":"https:\/\/vasaloppet.se\/en\/#organization"},"potentialAction":[{"@type":"SearchAction","target":{"@type":"EntryPoint","urlTemplate":"https:\/\/vasaloppet.se\/en\/?s={search_term_string}"},"query-input":{"@type":"PropertyValueSpecification","valueRequired":true,"valueName":"search_term_string"}}],"inLanguage":"en-US"},{"@type":"Organization","@id":"https:\/\/vasaloppet.se\/en\/#organization","name":"Vasaloppet","url":"https:\/\/vasaloppet.se\/en\/","logo":{"@type":"ImageObject","inLanguage":"en-US","@id":"https:\/\/vasaloppet.se\/en\/#\/schema\/logo\/image\/","url":"https:\/\/vasaloppet.se\/en\/wp-content\/uploads\/sites\/3\/2025\/12\/vasaloppet-logo.png","contentUrl":"https:\/\/vasaloppet.se\/en\/wp-content\/uploads\/sites\/3\/2025\/12\/vasaloppet-logo.png","width":696,"height":696,"caption":"Vasaloppet"},"image":{"@id":"https:\/\/vasaloppet.se\/en\/#\/schema\/logo\/image\/"},"sameAs":["https:\/\/www.facebook.com\/vasaloppetofficial","https:\/\/www.instagram.com\/vasaloppet\/"]}]}},"publishpress_future_action":{"enabled":false,"date":"2026-04-20 07:39:26","action":"change-status","newStatus":"draft","terms":[],"taxonomy":"","extraData":[]},"publishpress_future_workflow_manual_trigger":{"enabledWorkflows":[]},"_links":{"self":[{"href":"https:\/\/vasaloppet.se\/en\/wp-json\/wp\/v2\/pages\/824","targetHints":{"allow":["GET"]}}],"collection":[{"href":"https:\/\/vasaloppet.se\/en\/wp-json\/wp\/v2\/pages"}],"about":[{"href":"https:\/\/vasaloppet.se\/en\/wp-json\/wp\/v2\/types\/page"}],"author":[{"embeddable":true,"href":"https:\/\/vasaloppet.se\/en\/wp-json\/wp\/v2\/users\/1"}],"replies":[{"embeddable":true,"href":"https:\/\/vasaloppet.se\/en\/wp-json\/wp\/v2\/comments?post=824"}],"version-history":[{"count":4,"href":"https:\/\/vasaloppet.se\/en\/wp-json\/wp\/v2\/pages\/824\/revisions"}],"predecessor-version":[{"id":1268,"href":"https:\/\/vasaloppet.se\/en\/wp-json\/wp\/v2\/pages\/824\/revisions\/1268"}],"wp:featuredmedia":[{"embeddable":true,"href":"https:\/\/vasaloppet.se\/en\/wp-json\/wp\/v2\/media\/1267"}],"wp:attachment":[{"href":"https:\/\/vasaloppet.se\/en\/wp-json\/wp\/v2\/media?parent=824"}],"curies":[{"name":"wp","href":"https:\/\/api.w.org\/{rel}","templated":true}]}}