{"id":922,"date":"2025-12-09T21:13:09","date_gmt":"2025-12-09T20:13:09","guid":{"rendered":"https:\/\/vasaloppet.se\/en\/?page_id=922"},"modified":"2026-03-24T13:31:45","modified_gmt":"2026-03-24T12:31:45","slug":"contact","status":"publish","type":"page","link":"https:\/\/vasaloppet.se\/en\/about-us\/organization\/contact\/","title":{"rendered":"Contact"},"content":{"rendered":"<div class=\"wp-block-group has-background\"><div class=\"wp-block-group__inner-container is-layout-constrained wp-block-group-is-layout-constrained has-vl-color-yellow-background-color\"><h2 class=\"wp-block-heading vl-text-md\">Customer service<\/h2>\n\n<p class=\"\">Vasaloppet\u2019s customer service answers questions about the races. You can reach us via switchboard and email.<\/p>\n\n<p class=\"\">+46250-392 00<\/p>\n\n<p class=\"\"><a href=\"mailto:info@vasaloppet.se\">info@vasaloppet.se<\/a><\/p>\n\n<div class=\"wp-block-buttons is-layout-flex wp-block-buttons-is-layout-flex\">\n<div class=\"wp-block-button has-custom-width wp-block-button__width-100 is-style-outline is-style-outline--1\"><a class=\"button-atom button-atom--secondary\" href=\"https:\/\/vasaloppet.se\/en\/opening-hours\/\"><span>Opening hours<\/span><\/a><\/div>\n<\/div><\/div><\/div>\n\n\n<div style=\"height:30px\" aria-hidden=\"true\" class=\"wp-block-spacer\"><\/div>\n\n\n<h2 class=\"wp-block-heading vl-text-md\">The start house in S\u00e4len<\/h2>\n\n<p class=\"\">The start house is located at the Vasaloppet start in Berga by in S\u00e4len. There are Vasaloppet staff here all year round, and here S\u00e4lens IF has its office.<\/p>\n\n<h5 class=\"wp-block-heading\">Address<\/h5>\n\n<p class=\"\">Vasaloppsstarten<br>780 68 S\u00e4len<\/p>\n\n<h2 class=\"wp-block-heading vl-text-md\">Vasaloppet\u00b4s House in Mora<\/h2>\n\n<p class=\"\">Vasaloppet\u2019s House is located in central Mora, next to the finish portal. The house houses the majority of Vasaloppet\u2019s staff, and IFK Mora\u2019s offices.<\/p>\n\n<h5 class=\"wp-block-heading\">Address<\/h5>\n\n<p class=\"\">Vasaloppets Hus<br>792 32 Mora<\/p>\n\n<p class=\"\">Vasaloppet\u2019s House is closed for spontaneous visits for the time being. Contact information for the clubs in IFK Mora can be found on IFK Mora Idrottsallian\u2019s website.<\/p>\n\n\n<div style=\"height:30px\" aria-hidden=\"true\" class=\"wp-block-spacer\"><\/div>\n\n\n<p class=\"\"><\/p>\n\n<div class=\"wp-block-group has-background\"><div class=\"wp-block-group__inner-container is-layout-constrained wp-block-group-is-layout-constrained has-vl-color-yellow-background-color\"><h2 class=\"wp-block-heading vl-text-md\">The Vasaloppet Museum<\/h2>\n\n<p class=\"\">The Vasaloppet Museum is closed for the time being. We recommend a visit to the Vasaloppet exhibition in Mora-Nisse\u2019s House, next to the Vasaloppet finish in Mora. Read more on the Vasaloppet collector\u2019s club\u2019s website (in Swedish).<\/p>\n\n<div class=\"wp-block-buttons is-layout-flex wp-block-buttons-is-layout-flex\">\n<div class=\"wp-block-button has-custom-width wp-block-button__width-50\"><a class=\"button-atom button-atom--primary\" href=\"https:\/\/www.vasaloppetssamlarklubb.se\/mora-nisses-hus\/\" target=\"_blank\" rel=\"noreferrer noopener\"><span>Vasaloppets samlarklubb<\/span><\/a><\/div>\n<\/div><\/div><\/div>\n\n\n<div style=\"height:30px\" aria-hidden=\"true\" class=\"wp-block-spacer\"><\/div>\n\n\n<h2 class=\"wp-block-heading vl-text-md\">Organization data<\/h2>\n\n<p class=\"\">Vasaloppsf\u00f6reningen S\u00e4len-Mora, organization number 884401-5886<br>Vasaloppets Marknads Aktiebolag, organization number 556299-8392<\/p>","protected":false},"excerpt":{"rendered":"<p>Customer service Vasaloppet\u2019s customer service answers questions about the races. You can reach us via switchboard and email. +46250-392 00 info@vasaloppet.se The start house in S\u00e4len The start house is located at the Vasaloppet start in Berga by in S\u00e4len. There are Vasaloppet staff here all year round, and here S\u00e4lens IF has its office. [&hellip;]<\/p>\n","protected":false},"author":2,"featured_media":0,"parent":939,"menu_order":0,"comment_status":"closed","ping_status":"closed","template":"","meta":{"_acf_changed":false,"_relevanssi_hide_post":"","_relevanssi_hide_content":"","_relevanssi_pin_for_all":"","_relevanssi_pin_keywords":"","_relevanssi_unpin_keywords":"","_relevanssi_related_keywords":"","_relevanssi_related_include_ids":"","_relevanssi_related_exclude_ids":"","_relevanssi_related_no_append":"","_relevanssi_related_not_related":"","_relevanssi_related_posts":"1","_relevanssi_noindex_reason":"","_breakdance_hide_in_design_set":false,"_breakdance_tags":"","footnotes":""},"class_list":["post-922","page","type-page","status-publish","hentry"],"acf":[],"yoast_head":"<!-- This site is optimized with the Yoast SEO plugin v26.9 - https:\/\/yoast.com\/product\/yoast-seo-wordpress\/ -->\n<title>Contact - Vasaloppet in English<\/title>\n<meta name=\"robots\" content=\"index, follow, max-snippet:-1, max-image-preview:large, max-video-preview:-1\" \/>\n<link rel=\"canonical\" href=\"https:\/\/vasaloppet.se\/en\/about-us\/organization\/contact\/\" \/>\n<meta property=\"og:locale\" content=\"en_US\" \/>\n<meta property=\"og:type\" content=\"article\" \/>\n<meta property=\"og:title\" content=\"Contact - Vasaloppet in English\" \/>\n<meta property=\"og:description\" content=\"Customer service Vasaloppet\u2019s customer service answers questions about the races. You can reach us via switchboard and email. +46250-392 00 info@vasaloppet.se The start house in S\u00e4len The start house is located at the Vasaloppet start in Berga by in S\u00e4len. There are Vasaloppet staff here all year round, and here S\u00e4lens IF has its office. [&hellip;]\" \/>\n<meta property=\"og:url\" content=\"https:\/\/vasaloppet.se\/en\/about-us\/organization\/contact\/\" \/>\n<meta property=\"og:site_name\" content=\"Vasaloppet in English\" \/>\n<meta property=\"article:publisher\" content=\"https:\/\/www.facebook.com\/vasaloppetofficial\" \/>\n<meta property=\"article:modified_time\" content=\"2026-03-24T12:31:45+00:00\" \/>\n<meta property=\"og:image\" content=\"https:\/\/vasaloppet.se\/en\/wp-content\/uploads\/sites\/3\/2025\/12\/vasaloppet-preview.png\" \/>\n\t<meta property=\"og:image:width\" content=\"1200\" \/>\n\t<meta property=\"og:image:height\" content=\"630\" \/>\n\t<meta property=\"og:image:type\" content=\"image\/png\" \/>\n<meta name=\"twitter:card\" content=\"summary_large_image\" \/>\n<meta name=\"twitter:label1\" content=\"Est. reading time\" \/>\n\t<meta name=\"twitter:data1\" content=\"1 minute\" \/>\n<script type=\"application\/ld+json\" class=\"yoast-schema-graph\">{\"@context\":\"https:\/\/schema.org\",\"@graph\":[{\"@type\":\"WebPage\",\"@id\":\"https:\/\/vasaloppet.se\/en\/about-us\/organization\/contact\/\",\"url\":\"https:\/\/vasaloppet.se\/en\/about-us\/organization\/contact\/\",\"name\":\"Contact - Vasaloppet in English\",\"isPartOf\":{\"@id\":\"https:\/\/vasaloppet.se\/en\/#website\"},\"datePublished\":\"2025-12-09T20:13:09+00:00\",\"dateModified\":\"2026-03-24T12:31:45+00:00\",\"breadcrumb\":{\"@id\":\"https:\/\/vasaloppet.se\/en\/about-us\/organization\/contact\/#breadcrumb\"},\"inLanguage\":\"en-US\",\"potentialAction\":[{\"@type\":\"ReadAction\",\"target\":[\"https:\/\/vasaloppet.se\/en\/about-us\/organization\/contact\/\"]}]},{\"@type\":\"BreadcrumbList\",\"@id\":\"https:\/\/vasaloppet.se\/en\/about-us\/organization\/contact\/#breadcrumb\",\"itemListElement\":[{\"@type\":\"ListItem\",\"position\":1,\"name\":\"Home\",\"item\":\"https:\/\/vasaloppet.se\/en\/\"},{\"@type\":\"ListItem\",\"position\":2,\"name\":\"About us\",\"item\":\"https:\/\/vasaloppet.se\/en\/about-us\/\"},{\"@type\":\"ListItem\",\"position\":3,\"name\":\"Organization\",\"item\":\"https:\/\/vasaloppet.se\/en\/about-us\/organization\/\"},{\"@type\":\"ListItem\",\"position\":4,\"name\":\"Contact\"}]},{\"@type\":\"WebSite\",\"@id\":\"https:\/\/vasaloppet.se\/en\/#website\",\"url\":\"https:\/\/vasaloppet.se\/en\/\",\"name\":\"Vasaloppet in English\",\"description\":\"\",\"publisher\":{\"@id\":\"https:\/\/vasaloppet.se\/en\/#organization\"},\"potentialAction\":[{\"@type\":\"SearchAction\",\"target\":{\"@type\":\"EntryPoint\",\"urlTemplate\":\"https:\/\/vasaloppet.se\/en\/?s={search_term_string}\"},\"query-input\":{\"@type\":\"PropertyValueSpecification\",\"valueRequired\":true,\"valueName\":\"search_term_string\"}}],\"inLanguage\":\"en-US\"},{\"@type\":\"Organization\",\"@id\":\"https:\/\/vasaloppet.se\/en\/#organization\",\"name\":\"Vasaloppet\",\"url\":\"https:\/\/vasaloppet.se\/en\/\",\"logo\":{\"@type\":\"ImageObject\",\"inLanguage\":\"en-US\",\"@id\":\"https:\/\/vasaloppet.se\/en\/#\/schema\/logo\/image\/\",\"url\":\"https:\/\/vasaloppet.se\/en\/wp-content\/uploads\/sites\/3\/2025\/12\/vasaloppet-logo.png\",\"contentUrl\":\"https:\/\/vasaloppet.se\/en\/wp-content\/uploads\/sites\/3\/2025\/12\/vasaloppet-logo.png\",\"width\":696,\"height\":696,\"caption\":\"Vasaloppet\"},\"image\":{\"@id\":\"https:\/\/vasaloppet.se\/en\/#\/schema\/logo\/image\/\"},\"sameAs\":[\"https:\/\/www.facebook.com\/vasaloppetofficial\",\"https:\/\/www.instagram.com\/vasaloppet\/\"]}]}<\/script>\n<!-- \/ Yoast SEO plugin. -->","yoast_head_json":{"title":"Contact - Vasaloppet in English","robots":{"index":"index","follow":"follow","max-snippet":"max-snippet:-1","max-image-preview":"max-image-preview:large","max-video-preview":"max-video-preview:-1"},"canonical":"https:\/\/vasaloppet.se\/en\/about-us\/organization\/contact\/","og_locale":"en_US","og_type":"article","og_title":"Contact - Vasaloppet in English","og_description":"Customer service Vasaloppet\u2019s customer service answers questions about the races. You can reach us via switchboard and email. +46250-392 00 info@vasaloppet.se The start house in S\u00e4len The start house is located at the Vasaloppet start in Berga by in S\u00e4len. There are Vasaloppet staff here all year round, and here S\u00e4lens IF has its office. [&hellip;]","og_url":"https:\/\/vasaloppet.se\/en\/about-us\/organization\/contact\/","og_site_name":"Vasaloppet in English","article_publisher":"https:\/\/www.facebook.com\/vasaloppetofficial","article_modified_time":"2026-03-24T12:31:45+00:00","og_image":[{"width":1200,"height":630,"url":"https:\/\/vasaloppet.se\/en\/wp-content\/uploads\/sites\/3\/2025\/12\/vasaloppet-preview.png","type":"image\/png"}],"twitter_card":"summary_large_image","twitter_misc":{"Est. reading time":"1 minute"},"schema":{"@context":"https:\/\/schema.org","@graph":[{"@type":"WebPage","@id":"https:\/\/vasaloppet.se\/en\/about-us\/organization\/contact\/","url":"https:\/\/vasaloppet.se\/en\/about-us\/organization\/contact\/","name":"Contact - Vasaloppet in English","isPartOf":{"@id":"https:\/\/vasaloppet.se\/en\/#website"},"datePublished":"2025-12-09T20:13:09+00:00","dateModified":"2026-03-24T12:31:45+00:00","breadcrumb":{"@id":"https:\/\/vasaloppet.se\/en\/about-us\/organization\/contact\/#breadcrumb"},"inLanguage":"en-US","potentialAction":[{"@type":"ReadAction","target":["https:\/\/vasaloppet.se\/en\/about-us\/organization\/contact\/"]}]},{"@type":"BreadcrumbList","@id":"https:\/\/vasaloppet.se\/en\/about-us\/organization\/contact\/#breadcrumb","itemListElement":[{"@type":"ListItem","position":1,"name":"Home","item":"https:\/\/vasaloppet.se\/en\/"},{"@type":"ListItem","position":2,"name":"About us","item":"https:\/\/vasaloppet.se\/en\/about-us\/"},{"@type":"ListItem","position":3,"name":"Organization","item":"https:\/\/vasaloppet.se\/en\/about-us\/organization\/"},{"@type":"ListItem","position":4,"name":"Contact"}]},{"@type":"WebSite","@id":"https:\/\/vasaloppet.se\/en\/#website","url":"https:\/\/vasaloppet.se\/en\/","name":"Vasaloppet in English","description":"","publisher":{"@id":"https:\/\/vasaloppet.se\/en\/#organization"},"potentialAction":[{"@type":"SearchAction","target":{"@type":"EntryPoint","urlTemplate":"https:\/\/vasaloppet.se\/en\/?s={search_term_string}"},"query-input":{"@type":"PropertyValueSpecification","valueRequired":true,"valueName":"search_term_string"}}],"inLanguage":"en-US"},{"@type":"Organization","@id":"https:\/\/vasaloppet.se\/en\/#organization","name":"Vasaloppet","url":"https:\/\/vasaloppet.se\/en\/","logo":{"@type":"ImageObject","inLanguage":"en-US","@id":"https:\/\/vasaloppet.se\/en\/#\/schema\/logo\/image\/","url":"https:\/\/vasaloppet.se\/en\/wp-content\/uploads\/sites\/3\/2025\/12\/vasaloppet-logo.png","contentUrl":"https:\/\/vasaloppet.se\/en\/wp-content\/uploads\/sites\/3\/2025\/12\/vasaloppet-logo.png","width":696,"height":696,"caption":"Vasaloppet"},"image":{"@id":"https:\/\/vasaloppet.se\/en\/#\/schema\/logo\/image\/"},"sameAs":["https:\/\/www.facebook.com\/vasaloppetofficial","https:\/\/www.instagram.com\/vasaloppet\/"]}]}},"publishpress_future_action":{"enabled":false,"date":"2026-04-25 10:56:48","action":"change-status","newStatus":"draft","terms":[],"taxonomy":"","extraData":[]},"publishpress_future_workflow_manual_trigger":{"enabledWorkflows":[]},"_links":{"self":[{"href":"https:\/\/vasaloppet.se\/en\/wp-json\/wp\/v2\/pages\/922","targetHints":{"allow":["GET"]}}],"collection":[{"href":"https:\/\/vasaloppet.se\/en\/wp-json\/wp\/v2\/pages"}],"about":[{"href":"https:\/\/vasaloppet.se\/en\/wp-json\/wp\/v2\/types\/page"}],"author":[{"embeddable":true,"href":"https:\/\/vasaloppet.se\/en\/wp-json\/wp\/v2\/users\/2"}],"replies":[{"embeddable":true,"href":"https:\/\/vasaloppet.se\/en\/wp-json\/wp\/v2\/comments?post=922"}],"version-history":[{"count":3,"href":"https:\/\/vasaloppet.se\/en\/wp-json\/wp\/v2\/pages\/922\/revisions"}],"predecessor-version":[{"id":2711,"href":"https:\/\/vasaloppet.se\/en\/wp-json\/wp\/v2\/pages\/922\/revisions\/2711"}],"up":[{"embeddable":true,"href":"https:\/\/vasaloppet.se\/en\/wp-json\/wp\/v2\/pages\/939"}],"wp:attachment":[{"href":"https:\/\/vasaloppet.se\/en\/wp-json\/wp\/v2\/media?parent=922"}],"curies":[{"name":"wp","href":"https:\/\/api.w.org\/{rel}","templated":true}]}}